{"id":10,"date":"2015-10-02T02:54:05","date_gmt":"2015-10-02T01:54:05","guid":{"rendered":"http:\/\/www.cursillos.ca\/outaouais\/?page_id=10"},"modified":"2025-09-08T19:24:34","modified_gmt":"2025-09-08T23:24:34","slug":"theme","status":"publish","type":"page","link":"https:\/\/www.cursillos.ca\/outaouais\/?page_id=10","title":{"rendered":"Th\u00e8me &#8211; Pri\u00e8re &#8211; Chant"},"content":{"rendered":"<p><strong>Th\u00e8me:<\/strong><\/p>\n<p><b><i>Vous faites la joie de Dieu<\/i><\/b><\/p>\n<p><img decoding=\"async\" src=\"https:\/\/www.cursillos.ca\/outaouais\/wp-content\/uploads\/2025\/09\/Banniere-2025-2026-3.jpg\" \/><\/p>\n<h1><strong><span style=\"color: revert; font-size: 21px;\">Pri\u00e8re de l\u2019ann\u00e9e 2025-2026:\u00a0<\/span><\/strong><\/h1>\n<p><em>C\u2019est avec surprise que j\u2019entends dire que je fais Ta Joie.<\/em><\/p>\n<p><em>\u00a0<\/em><em>Je ne suis pas un mod\u00e8le de vertu et d\u2019engagements.<\/em><\/p>\n<p><em>Je ne fais que mon devoir de baptis\u00e9 au quotidien.<\/em><\/p>\n<p><em>\u00a0<\/em><em>Il est vrai que je m\u2019applique \u00e0 conna\u00eetre et aimer chaque personne de ma communaut\u00e9<\/em><\/p>\n<p><em>et que les tristesses des uns et des autres m\u2019interpellent.<\/em><\/p>\n<p><em>\u00a0<\/em><em>Se soucier du bonheur des autres avec humilit\u00e9 et spontan\u00e9it\u00e9 n\u2019est-ce pas la mission qui fait Ta joie? <\/em><\/p>\n<p><em>\u00a0<\/em><em>Aide-moi \u00e0 ne jamais cesser d\u2019aimer avec Ton C\u0153ur et vouloir le bonheur de chaque personne. <\/em><\/p>\n<p><em>\u00a0<\/em><em>Voil\u00e0 que je comprends qu\u2019ainsi, je fais Ta Joie!<\/em><\/p>\n<p><em>\u00a0<\/em><em>Amen<\/em><\/p>\n<h1>Chant Th\u00e8me 2025-2026 &#8211;<\/h1>\n<p><strong>Dans la Joie (Glorious)<\/strong><\/p>\n<p><strong>\u00a0<\/strong><strong>Refrain<\/strong>\u00a0:<\/p>\n<p>Je suis dans la joie, une joie immense<\/p>\n<p>Je suis dans l&rsquo;all\u00e9gresse car mon Dieu m&rsquo;a lib\u00e9r\u00e9<\/p>\n<p>Je suis dans la joie, une joie immense<\/p>\n<p>Je suis dans l&rsquo;all\u00e9gresse car mon Dieu m&rsquo;a lib\u00e9r\u00e9<\/p>\n<p><strong>1<\/strong>.Je chanterai de tout c\u0153ur les merveilles de . J\u00e9sus, mon Seigneur<\/p>\n<p>Il m&rsquo;a \u00f4t\u00e9 des t\u00e9n\u00e8bres, Il m&rsquo;a d\u00e9livr\u00e9 de tout p\u00e9ch\u00e9<\/p>\n<p>Je chanterai de tout c\u0153ur les merveilles de J\u00e9sus, mon Seigneur<\/p>\n<p>Il m&rsquo;a \u00f4t\u00e9 des t\u00e9n\u00e8bres, Il m&rsquo;a d\u00e9livr\u00e9 de tout p\u00e9ch\u00e9<\/p>\n<p><strong>\u00a0<\/strong><strong>Refrain<\/strong><\/p>\n<p><strong>2<\/strong>.Car mon Dieu est fid\u00e8le, Il ne m&rsquo;abandonne jamais<\/p>\n<p>Je n&rsquo;ai plus rien \u00e0 craindre car mon Dieu m&rsquo;a lib\u00e9r\u00e9<\/p>\n<p>Car mon Dieu est fid\u00e8le, Il ne m&rsquo;abandonne jamais<\/p>\n<p>Je n&rsquo;ai plus rien \u00e0 craindre car mon Dieu m&rsquo;a lib\u00e9r\u00e9<\/p>\n<p><strong>\u00a0<\/strong><strong>Refrain (2 fois)\u00a0\u00a0<\/strong><\/p>\n<p><em>\u00a0<\/em><\/p>\n","protected":false},"excerpt":{"rendered":"<p>Th\u00e8me: Vous faites la joie de Dieu Pri\u00e8re de l\u2019ann\u00e9e 2025-2026:\u00a0 C\u2019est avec surprise que j\u2019entends dire que je fais Ta Joie. \u00a0Je ne suis pas un mod\u00e8le de vertu [&hellip;]<\/p>\n","protected":false},"author":1,"featured_media":0,"parent":0,"menu_order":0,"comment_status":"closed","ping_status":"closed","template":"","meta":{"_price":"","_stock":"","_tribe_ticket_header":"","_tribe_default_ticket_provider":"","_tribe_ticket_capacity":"0","_ticket_start_date":"","_ticket_end_date":"","_tribe_ticket_show_description":"","_tribe_ticket_show_not_going":false,"_tribe_ticket_use_global_stock":"","_tribe_ticket_global_stock_level":"","_global_stock_mode":"","_global_stock_cap":"","_tribe_rsvp_for_event":"","_tribe_ticket_going_count":"","_tribe_ticket_not_going_count":"","_tribe_tickets_list":"[]","_tribe_ticket_has_attendee_info_fields":false,"footnotes":"","_tec_slr_enabled":"","_tec_slr_layout":""},"class_list":["post-10","page","type-page","status-publish","hentry"],"ticketed":false,"_links":{"self":[{"href":"https:\/\/www.cursillos.ca\/outaouais\/index.php?rest_route=\/wp\/v2\/pages\/10","targetHints":{"allow":["GET"]}}],"collection":[{"href":"https:\/\/www.cursillos.ca\/outaouais\/index.php?rest_route=\/wp\/v2\/pages"}],"about":[{"href":"https:\/\/www.cursillos.ca\/outaouais\/index.php?rest_route=\/wp\/v2\/types\/page"}],"author":[{"embeddable":true,"href":"https:\/\/www.cursillos.ca\/outaouais\/index.php?rest_route=\/wp\/v2\/users\/1"}],"replies":[{"embeddable":true,"href":"https:\/\/www.cursillos.ca\/outaouais\/index.php?rest_route=%2Fwp%2Fv2%2Fcomments&post=10"}],"version-history":[{"count":28,"href":"https:\/\/www.cursillos.ca\/outaouais\/index.php?rest_route=\/wp\/v2\/pages\/10\/revisions"}],"predecessor-version":[{"id":2091,"href":"https:\/\/www.cursillos.ca\/outaouais\/index.php?rest_route=\/wp\/v2\/pages\/10\/revisions\/2091"}],"wp:attachment":[{"href":"https:\/\/www.cursillos.ca\/outaouais\/index.php?rest_route=%2Fwp%2Fv2%2Fmedia&parent=10"}],"curies":[{"name":"wp","href":"https:\/\/api.w.org\/{rel}","templated":true}]}}