{"id":1130,"date":"2021-07-17T18:02:55","date_gmt":"2021-07-17T22:02:55","guid":{"rendered":"https:\/\/www.cursillos.ca\/outaouais\/?page_id=1130"},"modified":"2021-09-06T22:10:59","modified_gmt":"2021-09-07T02:10:59","slug":"temoignages","status":"publish","type":"page","link":"https:\/\/www.cursillos.ca\/outaouais\/?page_id=1130","title":{"rendered":"T\u00e9moignages"},"content":{"rendered":"\n<p>Vous trouverez ici quelques t\u00e9moignages qui vous parleront des cursillistes.<\/p>\n\n\n\n<p>Ne vous g\u00eanez pas pour nous contacter pour en savoir davantage!<\/p>\n\n\n\n<p>Nous allons commencer par la s\u00e9rie des capsules <em>L&rsquo;\u00e9t\u00e9 en compagnie de Suzie<\/em>.<\/p>\n\n\n\n<p>Suzie Nantel, responsable de la communaut\u00e9 cursilliste d&rsquo;Hawkesbury, nous livre ici quelques t\u00e9moignages. Ils sont mis en place par la paroisse St-Pierre Ap\u00f4tre \u00e0 Hawkesbury.<\/p>\n\n\n\n<p><a href=\"https:\/\/drive.google.com\/file\/d\/1FjG5GMqRKP1sDqY1BBHe-DzMHvPSo2s0\/view?usp=drivesdk\">https:\/\/drive.google.com\/file\/d\/1FjG5GMqRKP1sDqY1BBHe-DzMHvPSo2s0\/view?usp=drivesdk<\/a><\/p>\n\n\n\n<p><a href=\"https:\/\/drive.google.com\/file\/d\/1wCqySLZu1aejVltzvX675sIj_kelgcHi\/view?usp=drivesdk\">https:\/\/drive.google.com\/file\/d\/1wCqySLZu1aejVltzvX675sIj_kelgcHi\/view?usp=drivesdk<\/a><\/p>\n\n\n\n<p><a rel=\"noreferrer noopener\" href=\"https:\/\/drive.google.com\/file\/d\/1kuq7tm57AgmshJi1_OgTWJlZGqSimyZl\/view?usp=sharing\" target=\"_blank\">https:\/\/drive.google.com\/file\/d\/1kuq7tm57AgmshJi1_OgTWJlZGqSimyZl\/view?usp=sharing<\/a><\/p>\n\n\n\n<p><a href=\"https:\/\/drive.google.com\/file\/d\/1mOj14H4lR3iClgV3Kv3E56h2NcrUJmon\/view?usp=sharing\">https:\/\/drive.google.com\/file\/d\/1mOj14H4lR3iClgV3Kv3E56h2NcrUJmon\/view?usp=sharing<\/a><\/p>\n\n\n\n<p>Voici un autre t\u00e9moignage. Il est un enregistrement du dioc\u00e8se de Sault-Ste-Marie. Il est mont\u00e9 par les <strong>cursillistes de Sudbury \u00e0 l&rsquo;occasion de leur 5i\u00e8me anniversaire!<\/strong><\/p>\n\n\n\n<p>Il est mont\u00e9 par la t\u00e9l\u00e9vision de ce dioc\u00e8se sur YouTube, cha\u00eene eglisediocesainessm.<\/p>\n\n\n\n<figure class=\"wp-block-embed is-type-video is-provider-youtube wp-block-embed-youtube wp-embed-aspect-16-9 wp-has-aspect-ratio\"><div class=\"wp-block-embed__wrapper\">\n<iframe loading=\"lazy\" title=\"1983 : Cursillo de l\u2019Ontario Nord, 5e anniversaire!\" width=\"625\" height=\"352\" src=\"https:\/\/www.youtube.com\/embed\/cPMUs6Qb9U0?feature=oembed\" frameborder=\"0\" allow=\"accelerometer; autoplay; clipboard-write; encrypted-media; gyroscope; picture-in-picture; web-share\" referrerpolicy=\"strict-origin-when-cross-origin\" allowfullscreen><\/iframe>\n<\/div><\/figure>\n\n\n\n<p><\/p>\n","protected":false},"excerpt":{"rendered":"<p>Vous trouverez ici quelques t\u00e9moignages qui vous parleront des cursillistes. Ne vous g\u00eanez pas pour nous contacter pour en savoir davantage! Nous allons commencer par la s\u00e9rie des capsules L&rsquo;\u00e9t\u00e9 [&hellip;]<\/p>\n","protected":false},"author":2,"featured_media":0,"parent":0,"menu_order":0,"comment_status":"closed","ping_status":"closed","template":"","meta":{"_price":"","_stock":"","_tribe_ticket_header":"","_tribe_default_ticket_provider":"","_tribe_ticket_capacity":"0","_ticket_start_date":"","_ticket_end_date":"","_tribe_ticket_show_description":"","_tribe_ticket_show_not_going":false,"_tribe_ticket_use_global_stock":"","_tribe_ticket_global_stock_level":"","_global_stock_mode":"","_global_stock_cap":"","_tribe_rsvp_for_event":"","_tribe_ticket_going_count":"","_tribe_ticket_not_going_count":"","_tribe_tickets_list":"[]","_tribe_ticket_has_attendee_info_fields":false,"footnotes":"","_tec_slr_enabled":"","_tec_slr_layout":""},"class_list":["post-1130","page","type-page","status-publish","hentry"],"ticketed":false,"_links":{"self":[{"href":"https:\/\/www.cursillos.ca\/outaouais\/index.php?rest_route=\/wp\/v2\/pages\/1130","targetHints":{"allow":["GET"]}}],"collection":[{"href":"https:\/\/www.cursillos.ca\/outaouais\/index.php?rest_route=\/wp\/v2\/pages"}],"about":[{"href":"https:\/\/www.cursillos.ca\/outaouais\/index.php?rest_route=\/wp\/v2\/types\/page"}],"author":[{"embeddable":true,"href":"https:\/\/www.cursillos.ca\/outaouais\/index.php?rest_route=\/wp\/v2\/users\/2"}],"replies":[{"embeddable":true,"href":"https:\/\/www.cursillos.ca\/outaouais\/index.php?rest_route=%2Fwp%2Fv2%2Fcomments&post=1130"}],"version-history":[{"count":8,"href":"https:\/\/www.cursillos.ca\/outaouais\/index.php?rest_route=\/wp\/v2\/pages\/1130\/revisions"}],"predecessor-version":[{"id":1152,"href":"https:\/\/www.cursillos.ca\/outaouais\/index.php?rest_route=\/wp\/v2\/pages\/1130\/revisions\/1152"}],"wp:attachment":[{"href":"https:\/\/www.cursillos.ca\/outaouais\/index.php?rest_route=%2Fwp%2Fv2%2Fmedia&parent=1130"}],"curies":[{"name":"wp","href":"https:\/\/api.w.org\/{rel}","templated":true}]}}