{"id":16,"date":"2015-10-02T02:54:53","date_gmt":"2015-10-02T01:54:53","guid":{"rendered":"http:\/\/www.cursillos.ca\/outaouais\/?page_id=16"},"modified":"2026-02-12T21:42:38","modified_gmt":"2026-02-13T02:42:38","slug":"les-communautes","status":"publish","type":"page","link":"https:\/\/www.cursillos.ca\/outaouais\/?page_id=16","title":{"rendered":"Les communaut\u00e9s"},"content":{"rendered":"\n<p><strong>Les communaut\u00e9s cursillistes en Outaouais sont au nombre de 15. Elles regroupent&nbsp; les hommes et les femmes qui ont v\u00e9cu leur fin de semaine de&nbsp; Cursillo et qui veulent continuer \u00e0 partager, fraterniser et \u00e0 apporter leurs propres dimensions d\u2019\u00c9glise.<\/strong><\/p>\n\n\n\n<p><strong>Ces communaut\u00e9s sont situ\u00e9es \u00e0 Aylmer, Hull, Gatineau, Chelsea et Val-des-Monts. Dans la Petite Nation, elles sont \u00e0 Montpellier et St-Andr\u00e9-Avellin<\/strong>.&nbsp;<strong> En Ontario, elles sont \u00e0 Alfred, \u00e0 Hawkesbury et \u00e0 Ottawa.<\/strong><\/p>\n\n\n\n<p><strong>Ces communaut\u00e9s ont des responsables ou des r\u00e9pondants pour veiller \u00e0 l\u2019animation, l\u2019information et l\u2019accompagnement de leurs membres.<\/strong><\/p>\n\n\n\n<p><strong>Voici les endroits sp\u00e9cifiques o\u00f9 sont ces communaut\u00e9s et la fr\u00e9quence de leurs rencontres:<\/strong><\/p>\n\n\n\n<div data-wp-interactive=\"core\/file\" class=\"wp-block-file\"><object data-wp-bind--hidden=\"!state.hasPdfPreview\" hidden class=\"wp-block-file__embed\" data=\"https:\/\/www.cursillos.ca\/outaouais\/wp-content\/uploads\/2026\/02\/Calendriers-des-ultreyas-dans-les-communautes-2025-2026-12-fevrier-2026-4.pdf\" type=\"application\/pdf\" style=\"width:100%;height:600px\" aria-label=\"Contenu embarqu\u00e9 Calendriers des ultreyas dans les communaut\u00e9s 2025-2026 12 f\u00e9vrier 2026 (4).\"><\/object><a id=\"wp-block-file--media-aa0dfce3-2995-4c16-b61d-7cafc9838f24\" href=\"https:\/\/www.cursillos.ca\/outaouais\/wp-content\/uploads\/2026\/02\/Calendriers-des-ultreyas-dans-les-communautes-2025-2026-12-fevrier-2026-4.pdf\">Calendriers des ultreyas dans les communaut\u00e9s 2025-2026 12 f\u00e9vrier 2026 (4)<\/a><a href=\"https:\/\/www.cursillos.ca\/outaouais\/wp-content\/uploads\/2026\/02\/Calendriers-des-ultreyas-dans-les-communautes-2025-2026-12-fevrier-2026-4.pdf\" class=\"wp-block-file__button wp-element-button\" download aria-describedby=\"wp-block-file--media-aa0dfce3-2995-4c16-b61d-7cafc9838f24\">T\u00e9l\u00e9charger<\/a><\/div>\n\n\n\n<div class=\"wp-block-columns is-layout-flex wp-container-core-columns-is-layout-9d6595d7 wp-block-columns-is-layout-flex\">\n<div class=\"wp-block-column is-layout-flow wp-block-column-is-layout-flow\">\n<div class=\"wp-block-file\"><a href=\"https:\/\/www.cursillos.ca\/outaouais\/wp-content\/uploads\/2025\/12\/Calendriers-des-ultreyas-dans-les-communautes-2025-2026-2.docx\" class=\"wp-block-file__button wp-element-button\" download>T\u00e9l\u00e9charger<\/a><\/div>\n\n\n\n<div style=\"height:100px\" aria-hidden=\"true\" class=\"wp-block-spacer\"><\/div>\n<\/div>\n\n\n\n<div class=\"wp-block-column is-layout-flow wp-block-column-is-layout-flow\"><\/div>\n<\/div>\n\n\n\n<div class=\"wp-block-file\"><a href=\"https:\/\/www.cursillos.ca\/outaouais\/wp-content\/uploads\/2025\/12\/Calendriers-des-ultreyas-dans-les-communautes-2025-2026-3.docx\" class=\"wp-block-file__button wp-element-button\" download>T\u00e9l\u00e9charger<\/a><\/div>\n\n\n\n<p><\/p>\n","protected":false},"excerpt":{"rendered":"<p>Les communaut\u00e9s cursillistes en Outaouais sont au nombre de 15. Elles regroupent&nbsp; les hommes et les femmes qui ont v\u00e9cu leur fin de semaine de&nbsp; Cursillo et qui veulent continuer [&hellip;]<\/p>\n","protected":false},"author":1,"featured_media":0,"parent":0,"menu_order":0,"comment_status":"closed","ping_status":"closed","template":"","meta":{"_price":"","_stock":"","_tribe_ticket_header":"","_tribe_default_ticket_provider":"","_tribe_ticket_capacity":"0","_ticket_start_date":"","_ticket_end_date":"","_tribe_ticket_show_description":"","_tribe_ticket_show_not_going":false,"_tribe_ticket_use_global_stock":"","_tribe_ticket_global_stock_level":"","_global_stock_mode":"","_global_stock_cap":"","_tribe_rsvp_for_event":"","_tribe_ticket_going_count":"","_tribe_ticket_not_going_count":"","_tribe_tickets_list":"[]","_tribe_ticket_has_attendee_info_fields":false,"footnotes":"","_tec_slr_enabled":"","_tec_slr_layout":""},"class_list":["post-16","page","type-page","status-publish","hentry"],"ticketed":false,"_links":{"self":[{"href":"https:\/\/www.cursillos.ca\/outaouais\/index.php?rest_route=\/wp\/v2\/pages\/16","targetHints":{"allow":["GET"]}}],"collection":[{"href":"https:\/\/www.cursillos.ca\/outaouais\/index.php?rest_route=\/wp\/v2\/pages"}],"about":[{"href":"https:\/\/www.cursillos.ca\/outaouais\/index.php?rest_route=\/wp\/v2\/types\/page"}],"author":[{"embeddable":true,"href":"https:\/\/www.cursillos.ca\/outaouais\/index.php?rest_route=\/wp\/v2\/users\/1"}],"replies":[{"embeddable":true,"href":"https:\/\/www.cursillos.ca\/outaouais\/index.php?rest_route=%2Fwp%2Fv2%2Fcomments&post=16"}],"version-history":[{"count":32,"href":"https:\/\/www.cursillos.ca\/outaouais\/index.php?rest_route=\/wp\/v2\/pages\/16\/revisions"}],"predecessor-version":[{"id":2217,"href":"https:\/\/www.cursillos.ca\/outaouais\/index.php?rest_route=\/wp\/v2\/pages\/16\/revisions\/2217"}],"wp:attachment":[{"href":"https:\/\/www.cursillos.ca\/outaouais\/index.php?rest_route=%2Fwp%2Fv2%2Fmedia&parent=16"}],"curies":[{"name":"wp","href":"https:\/\/api.w.org\/{rel}","templated":true}]}}