{"id":20,"date":"2015-10-02T02:56:01","date_gmt":"2015-10-02T01:56:01","guid":{"rendered":"http:\/\/www.cursillos.ca\/outaouais\/?page_id=20"},"modified":"2026-03-21T15:57:24","modified_gmt":"2026-03-21T19:57:24","slug":"publications","status":"publish","type":"page","link":"https:\/\/www.cursillos.ca\/outaouais\/?page_id=20","title":{"rendered":"Publications"},"content":{"rendered":"<h1><span style=\"text-decoration: underline;\">Quatri\u00e8me jour<\/span><\/h1>\n<p><strong>Vous pouvez soumettre vos articles \u00e0 C\u00e9cile Tardif, responsable du Quatri\u00e8me Jour, \u00e0 l&rsquo;adresse courriel \u00a0<a href=\"csil.tardif@gmail.com\">csil.tardif@gmail.com<\/a><\/strong><\/p>\n<p><a href=\"https:\/\/www.cursillos.ca\/outaouais\/wp-content\/uploads\/2026\/03\/Mars-2026.pdf\">Mars 2026<\/a><\/p>\n<p><a href=\"https:\/\/www.cursillos.ca\/outaouais\/wp-content\/uploads\/2025\/12\/Decembre-2025.pdf\">D\u00e9cembre 2025<\/a><\/p>\n<p><a href=\"https:\/\/www.cursillos.ca\/outaouais\/wp-content\/uploads\/2025\/09\/Septembre-2025.pdf\">Septembre 2025<\/a><\/p>\n<p><a href=\"https:\/\/www.cursillos.ca\/outaouais\/wp-content\/uploads\/2025\/06\/Juin-2025.pdf\">Juin 2025<\/a><\/p>\n<p><a href=\"https:\/\/www.cursillos.ca\/outaouais\/wp-content\/uploads\/2025\/03\/Mars-2025.pdf\">Mars 2025<\/a><\/p>\n<p><a href=\"https:\/\/www.cursillos.ca\/outaouais\/wp-content\/uploads\/2024\/12\/Decembre-2024.pdf\">D\u00e9cembre 2024<\/a><\/p>\n<p><a href=\"https:\/\/www.cursillos.ca\/outaouais\/wp-content\/uploads\/2024\/09\/Septembre-2024.pdf\">Septembre 2024<\/a><\/p>\n<p><a href=\"https:\/\/www.cursillos.ca\/outaouais\/wp-content\/uploads\/2024\/06\/Juin-2024.pdf\">Juin 2024<\/a><\/p>\n<p><a href=\"https:\/\/www.cursillos.ca\/outaouais\/wp-content\/uploads\/2024\/04\/Mars-2024.pdf\">Mars 2024<\/a><\/p>\n<p><a href=\"https:\/\/www.cursillos.ca\/outaouais\/wp-content\/uploads\/2023\/12\/Decembre-2023-Partie-1.pdf\">D\u00e9cembre 2023 &#8211; Partie 1<\/a>\u00a0 \u00a0 \u00a0 \u00a0 <a href=\"https:\/\/www.cursillos.ca\/outaouais\/wp-content\/uploads\/2023\/12\/Decembre-2023-Partie-2.pdf\">D\u00e9cembre 2023 &#8211; Partie 2<\/a><\/p>\n<p><a href=\"https:\/\/www.cursillos.ca\/outaouais\/wp-content\/uploads\/2023\/09\/Septembre-2023.pdf\">Septembre 2023<\/a><\/p>\n<p><a href=\"https:\/\/www.cursillos.ca\/outaouais\/wp-content\/uploads\/2023\/06\/Juin-2023-partie-1.pdf\">Juin 2023 &#8211; partie 1<\/a>\u00a0 \u00a0 \u00a0 <a href=\"https:\/\/www.cursillos.ca\/outaouais\/wp-content\/uploads\/2023\/06\/Juin-2023-partie-2.pdf\">Juin 2023 &#8211; partie 2<\/a><\/p>\n<p><a href=\"https:\/\/www.cursillos.ca\/outaouais\/wp-content\/uploads\/2023\/03\/Mars-2023.pdf\">Mars 2023<\/a><\/p>\n<p><a href=\"https:\/\/www.cursillos.ca\/outaouais\/wp-content\/uploads\/2022\/12\/Decembre-2022.pdf\">D\u00e9cembre 2022<\/a><\/p>\n<p><a href=\"https:\/\/www.cursillos.ca\/outaouais\/wp-content\/uploads\/2022\/09\/Septembre-2022.pdf\">Septembre 2022<\/a><\/p>\n<p><a href=\"https:\/\/www.cursillos.ca\/outaouais\/wp-content\/uploads\/2022\/07\/Juin-2022.pdf\">Juin 2022<\/a><\/p>\n<p><a href=\"https:\/\/www.cursillos.ca\/outaouais\/wp-content\/uploads\/2022\/03\/Mars-2022.pdf\">Mars 2022<\/a><\/p>\n<p><a href=\"https:\/\/www.cursillos.ca\/outaouais\/wp-content\/uploads\/2021\/12\/Decembre-2021.pdf\">D\u00e9cembre 2021<\/a><\/p>\n<p><a href=\"https:\/\/www.cursillos.ca\/outaouais\/wp-content\/uploads\/2021\/10\/Edition-speciale.pdf\">\u00c9dition sp\u00e9ciale<\/a><\/p>\n<p><a href=\"https:\/\/www.cursillos.ca\/outaouais\/wp-content\/uploads\/2021\/09\/Septembre-2021.pdf\">Septembre 2021<\/a><\/p>\n<p><a href=\"https:\/\/www.cursillos.ca\/outaouais\/wp-content\/uploads\/2021\/06\/Juin-2021.pdf\">Juin 2021<\/a><\/p>\n<p><a href=\"https:\/\/www.cursillos.ca\/outaouais\/wp-content\/uploads\/2021\/03\/Mars-2021.pdf\">Mars 2021<\/a><\/p>\n<p><a href=\"https:\/\/www.cursillos.ca\/outaouais\/wp-content\/uploads\/2020\/12\/Decembre-2020.pdf\">D\u00e9cembre 2020<\/a><\/p>\n<p><a href=\"https:\/\/www.cursillos.ca\/outaouais\/wp-content\/uploads\/2020\/09\/Septembre-2020.pdf\">Septembre 2020<\/a><\/p>\n<p><a href=\"https:\/\/www.cursillos.ca\/outaouais\/wp-content\/uploads\/2020\/06\/Juin-2020.pdf\">Juin 2020<\/a><\/p>\n<p><a href=\"https:\/\/www.cursillos.ca\/outaouais\/wp-content\/uploads\/2020\/05\/Mai-2020.pdf\">Mai 2020<\/a><\/p>\n<p><a href=\"https:\/\/www.cursillos.ca\/outaouais\/wp-content\/uploads\/2020\/03\/Mars-2020.pdf\">Mars 2020<\/a><\/p>\n<p><a href=\"https:\/\/www.cursillos.ca\/outaouais\/wp-content\/uploads\/2019\/12\/D\u00e9cembre-2019.pdf\">D\u00e9cembre 2019<\/a><\/p>\n<p><a href=\"https:\/\/www.cursillos.ca\/outaouais\/wp-content\/uploads\/2019\/09\/Septembre-2019.pdf\">Septembre 2019<\/a><\/p>\n<p><a href=\"https:\/\/www.cursillos.ca\/outaouais\/wp-content\/uploads\/2019\/06\/juin-2019.pdf\">juin 2019<\/a><\/p>\n<p><a href=\"https:\/\/www.cursillos.ca\/outaouais\/wp-content\/uploads\/2019\/03\/Mars-2019.pdf\">Mars 2019<\/a><\/p>\n<p><a href=\"https:\/\/www.cursillos.ca\/outaouais\/wp-content\/uploads\/2018\/12\/D\u00e9cembre-2018.pdf\">D\u00e9cembre 2018<\/a><\/p>\n<p><a href=\"https:\/\/www.cursillos.ca\/outaouais\/wp-content\/uploads\/2018\/09\/Septembre-2018.pdf\">Septembre 2018<\/a><\/p>\n<p><a href=\"https:\/\/www.cursillos.ca\/outaouais\/wp-content\/uploads\/2018\/06\/Juin-2018.pdf\">Juin 2018<\/a><\/p>\n<p><a href=\"https:\/\/www.cursillos.ca\/outaouais\/wp-content\/uploads\/2018\/03\/Mars-2018.pdf\">Mars 2018<\/a><\/p>\n<p><a href=\"https:\/\/www.cursillos.ca\/outaouais\/wp-content\/uploads\/2017\/12\/D\u00e9cembre-2017.pdf\">D\u00e9cembre 2017<\/a><\/p>\n<p><a href=\"https:\/\/www.cursillos.ca\/outaouais\/wp-content\/uploads\/2017\/10\/Octobre-2017.pdf\">Octobre 2017<\/a><\/p>\n<p><a href=\"https:\/\/www.cursillos.ca\/outaouais\/wp-content\/uploads\/2017\/06\/Juin-2017.pdf\">Juin 2017<\/a><\/p>\n<p><a href=\"https:\/\/www.cursillos.ca\/outaouais\/wp-content\/uploads\/2017\/03\/Mars-2017.pdf\">Mars 2017<\/a><\/p>\n<p><a href=\"https:\/\/www.cursillos.ca\/outaouais\/wp-content\/uploads\/2016\/12\/D\u00e9cembre-2016.pdf\">D\u00e9cembre 2016<\/a><\/p>\n<p><a href=\"https:\/\/www.cursillos.ca\/outaouais\/wp-content\/uploads\/2016\/09\/Septembre-2016.pdf\">septembre-2016<\/a><\/p>\n<p><a href=\"https:\/\/www.cursillos.ca\/outaouais\/wp-content\/uploads\/2016\/06\/Juin-2016.pdf\">Juin 2016<\/a><\/p>\n<p><a href=\"https:\/\/www.cursillos.ca\/outaouais\/wp-content\/uploads\/2016\/03\/Mars-2016.pdf\">Mars 2016<\/a><\/p>\n","protected":false},"excerpt":{"rendered":"<p>Quatri\u00e8me jour Vous pouvez soumettre vos articles \u00e0 C\u00e9cile Tardif, responsable du Quatri\u00e8me Jour, \u00e0 l&rsquo;adresse courriel \u00a0csil.tardif@gmail.com Mars 2026 D\u00e9cembre 2025 Septembre 2025 Juin 2025 Mars 2025 D\u00e9cembre 2024 [&hellip;]<\/p>\n","protected":false},"author":1,"featured_media":0,"parent":0,"menu_order":0,"comment_status":"closed","ping_status":"closed","template":"","meta":{"_price":"","_stock":"","_tribe_ticket_header":"","_tribe_default_ticket_provider":"","_tribe_ticket_capacity":"0","_ticket_start_date":"","_ticket_end_date":"","_tribe_ticket_show_description":"","_tribe_ticket_show_not_going":false,"_tribe_ticket_use_global_stock":"","_tribe_ticket_global_stock_level":"","_global_stock_mode":"","_global_stock_cap":"","_tribe_rsvp_for_event":"","_tribe_ticket_going_count":"","_tribe_ticket_not_going_count":"","_tribe_tickets_list":"[]","_tribe_ticket_has_attendee_info_fields":false,"footnotes":"","_tec_slr_enabled":"","_tec_slr_layout":""},"class_list":["post-20","page","type-page","status-publish","hentry"],"ticketed":false,"_links":{"self":[{"href":"https:\/\/www.cursillos.ca\/outaouais\/index.php?rest_route=\/wp\/v2\/pages\/20","targetHints":{"allow":["GET"]}}],"collection":[{"href":"https:\/\/www.cursillos.ca\/outaouais\/index.php?rest_route=\/wp\/v2\/pages"}],"about":[{"href":"https:\/\/www.cursillos.ca\/outaouais\/index.php?rest_route=\/wp\/v2\/types\/page"}],"author":[{"embeddable":true,"href":"https:\/\/www.cursillos.ca\/outaouais\/index.php?rest_route=\/wp\/v2\/users\/1"}],"replies":[{"embeddable":true,"href":"https:\/\/www.cursillos.ca\/outaouais\/index.php?rest_route=%2Fwp%2Fv2%2Fcomments&post=20"}],"version-history":[{"count":56,"href":"https:\/\/www.cursillos.ca\/outaouais\/index.php?rest_route=\/wp\/v2\/pages\/20\/revisions"}],"predecessor-version":[{"id":2242,"href":"https:\/\/www.cursillos.ca\/outaouais\/index.php?rest_route=\/wp\/v2\/pages\/20\/revisions\/2242"}],"wp:attachment":[{"href":"https:\/\/www.cursillos.ca\/outaouais\/index.php?rest_route=%2Fwp%2Fv2%2Fmedia&parent=20"}],"curies":[{"name":"wp","href":"https:\/\/api.w.org\/{rel}","templated":true}]}}