{"id":2113,"date":"2025-10-22T18:13:34","date_gmt":"2025-10-22T22:13:34","guid":{"rendered":"https:\/\/www.cursillos.ca\/outaouais\/?page_id=2113"},"modified":"2026-01-28T17:22:07","modified_gmt":"2026-01-28T22:22:07","slug":"50e-anniversaire","status":"publish","type":"page","link":"https:\/\/www.cursillos.ca\/outaouais\/?page_id=2113","title":{"rendered":"50e anniversaire!"},"content":{"rendered":"\n<div data-wp-interactive=\"core\/file\" class=\"wp-block-file\"><object data-wp-bind--hidden=\"!state.hasPdfPreview\" hidden class=\"wp-block-file__embed\" data=\"https:\/\/www.cursillos.ca\/outaouais\/wp-content\/uploads\/2026\/01\/50e-Anniverssaire-activite-festive.pdf\" type=\"application\/pdf\" style=\"width:100%;height:710px\" aria-label=\"PDF embarqu\u00e9\"><\/object><a href=\"https:\/\/www.cursillos.ca\/outaouais\/wp-content\/uploads\/2026\/01\/50e-Anniverssaire-activite-festive.pdf\" class=\"wp-block-file__button wp-element-button\" download>T\u00e9l\u00e9charger<\/a><\/div>\n\n\n\n<div class=\"wp-block-file\"><a id=\"wp-block-file--media-6756e0ec-67c9-4f22-a35e-4eebc68c2ce1\" href=\"https:\/\/www.cursillos.ca\/outaouais\/wp-content\/uploads\/2026\/01\/50ieme-Deroulement-Preleminaire-12-01-2026-1.docx\">50i\u00e8me D\u00e9roulement Pr\u00e9l\u00e9minaire 12-01-2026<\/a><a href=\"https:\/\/www.cursillos.ca\/outaouais\/wp-content\/uploads\/2026\/01\/50ieme-Deroulement-Preleminaire-12-01-2026-1.docx\" class=\"wp-block-file__button wp-element-button\" download aria-describedby=\"wp-block-file--media-6756e0ec-67c9-4f22-a35e-4eebc68c2ce1\">T\u00e9l\u00e9charger<\/a><\/div>\n\n\n\n<div data-wp-interactive=\"core\/file\" class=\"wp-block-file\"><object data-wp-bind--hidden=\"!state.hasPdfPreview\" hidden class=\"wp-block-file__embed\" data=\"https:\/\/www.cursillos.ca\/outaouais\/wp-content\/uploads\/2026\/01\/50ieme-Deroulement-Preleminaire-12-01-2026.pdf\" type=\"application\/pdf\" style=\"width:100%;height:760px\" aria-label=\"Contenu embarqu\u00e9 6.\"><\/object><a id=\"wp-block-file--media-af0e480f-d5e4-4746-b43b-b0a7694448ec\" href=\"https:\/\/www.cursillos.ca\/outaouais\/wp-content\/uploads\/2026\/01\/50ieme-Deroulement-Preleminaire-12-01-2026.pdf\">6<\/a><a href=\"https:\/\/www.cursillos.ca\/outaouais\/wp-content\/uploads\/2026\/01\/50ieme-Deroulement-Preleminaire-12-01-2026.pdf\" class=\"wp-block-file__button wp-element-button\" download aria-describedby=\"wp-block-file--media-af0e480f-d5e4-4746-b43b-b0a7694448ec\">T\u00e9l\u00e9charger<\/a><\/div>\n\n\n\n<div class=\"wp-block-file\"><a href=\"https:\/\/www.cursillos.ca\/outaouais\/wp-content\/uploads\/2026\/01\/50ieme-Deroulement-Preleminaire-12-01-2026.docx\" class=\"wp-block-file__button wp-element-button\" download>T\u00e9l\u00e9charger<\/a><\/div>\n\n\n\n<figure class=\"wp-block-image\"><img loading=\"lazy\" decoding=\"async\" width=\"360\" height=\"830\" src=\"https:\/\/www.cursillos.ca\/outaouais\/wp-content\/uploads\/2025\/12\/Chant-Theme-50e-13-12-2025-1-1.jpg\" alt=\"\" class=\"wp-image-2162\" srcset=\"https:\/\/www.cursillos.ca\/outaouais\/wp-content\/uploads\/2025\/12\/Chant-Theme-50e-13-12-2025-1-1.jpg 360w, https:\/\/www.cursillos.ca\/outaouais\/wp-content\/uploads\/2025\/12\/Chant-Theme-50e-13-12-2025-1-1-130x300.jpg 130w\" sizes=\"auto, (max-width: 360px) 100vw, 360px\" \/><figcaption class=\"wp-element-caption\">Chant Th\u00e8me 50e 13-12-2025<\/figcaption><\/figure>\n\n\n\n<p><\/p>\n","protected":false},"excerpt":{"rendered":"","protected":false},"author":2,"featured_media":0,"parent":0,"menu_order":0,"comment_status":"closed","ping_status":"closed","template":"","meta":{"_price":"","_stock":"","_tribe_ticket_header":"","_tribe_default_ticket_provider":"","_tribe_ticket_capacity":"0","_ticket_start_date":"","_ticket_end_date":"","_tribe_ticket_show_description":"","_tribe_ticket_show_not_going":false,"_tribe_ticket_use_global_stock":"","_tribe_ticket_global_stock_level":"","_global_stock_mode":"","_global_stock_cap":"","_tribe_rsvp_for_event":"","_tribe_ticket_going_count":"","_tribe_ticket_not_going_count":"","_tribe_tickets_list":"[]","_tribe_ticket_has_attendee_info_fields":false,"footnotes":"","_tec_slr_enabled":"","_tec_slr_layout":""},"class_list":["post-2113","page","type-page","status-publish","hentry"],"ticketed":false,"_links":{"self":[{"href":"https:\/\/www.cursillos.ca\/outaouais\/index.php?rest_route=\/wp\/v2\/pages\/2113","targetHints":{"allow":["GET"]}}],"collection":[{"href":"https:\/\/www.cursillos.ca\/outaouais\/index.php?rest_route=\/wp\/v2\/pages"}],"about":[{"href":"https:\/\/www.cursillos.ca\/outaouais\/index.php?rest_route=\/wp\/v2\/types\/page"}],"author":[{"embeddable":true,"href":"https:\/\/www.cursillos.ca\/outaouais\/index.php?rest_route=\/wp\/v2\/users\/2"}],"replies":[{"embeddable":true,"href":"https:\/\/www.cursillos.ca\/outaouais\/index.php?rest_route=%2Fwp%2Fv2%2Fcomments&post=2113"}],"version-history":[{"count":10,"href":"https:\/\/www.cursillos.ca\/outaouais\/index.php?rest_route=\/wp\/v2\/pages\/2113\/revisions"}],"predecessor-version":[{"id":2200,"href":"https:\/\/www.cursillos.ca\/outaouais\/index.php?rest_route=\/wp\/v2\/pages\/2113\/revisions\/2200"}],"wp:attachment":[{"href":"https:\/\/www.cursillos.ca\/outaouais\/index.php?rest_route=%2Fwp%2Fv2%2Fmedia&parent=2113"}],"curies":[{"name":"wp","href":"https:\/\/api.w.org\/{rel}","templated":true}]}}