{"id":538,"date":"2018-01-10T19:56:49","date_gmt":"2018-01-11T00:56:49","guid":{"rendered":"http:\/\/www.cursillos.ca\/outaouais\/?page_id=538"},"modified":"2020-07-11T23:46:30","modified_gmt":"2020-07-12T03:46:30","slug":"nazaire","status":"publish","type":"page","link":"https:\/\/www.cursillos.ca\/outaouais\/?page_id=538","title":{"rendered":"Nazaire ( 1925 &#8211; 2017)"},"content":{"rendered":"<p>Cette page est d\u00e9di\u00e9e au p\u00e8re Nazaire Auger cjm, le premier animateur spirituel des cursillos en Outaouais. Vous y trouverez des photos et des textes qui t\u00e9moigneront de sa grande humanit\u00e9.<\/p>\n<p><a href=\"https:\/\/www.cursillos.ca\/outaouais\/wp-content\/uploads\/2018\/03\/image.png\"><img loading=\"lazy\" decoding=\"async\" class=\"alignnone wp-image-587\" src=\"https:\/\/www.cursillos.ca\/outaouais\/wp-content\/uploads\/2018\/03\/image.png\" alt=\"\" width=\"99\" height=\"99\" \/>\u00a0\u00a0\u00a0\u00a0\u00a0\u00a0<\/a><a href=\"https:\/\/www.cursillos.ca\/outaouais\/wp-content\/uploads\/2018\/03\/pere-nazaire-auger.jpg\"><img loading=\"lazy\" decoding=\"async\" class=\"alignnone wp-image-597\" src=\"https:\/\/www.cursillos.ca\/outaouais\/wp-content\/uploads\/2018\/03\/pere-nazaire-auger-251x300.jpg\" alt=\"\" width=\"82\" height=\"98\" srcset=\"https:\/\/www.cursillos.ca\/outaouais\/wp-content\/uploads\/2018\/03\/pere-nazaire-auger-251x300.jpg 251w, https:\/\/www.cursillos.ca\/outaouais\/wp-content\/uploads\/2018\/03\/pere-nazaire-auger.jpg 300w\" sizes=\"auto, (max-width: 82px) 100vw, 82px\" \/><\/a><\/p>\n<p><span style=\"margin: 0px; color: black; line-height: 115%; font-family: 'Open Sans','serif'; font-size: 8pt;\">\u00c0 la Maison des Eudistes de Charlesbourg est d\u00e9c\u00e9d\u00e9, le 13 novembre 2017 \u00e0 l\u2019\u00e2ge de 92 ans, le P\u00e8re Nazaire Auger fils de feu Lazare et de feu Alexina Richard.<\/span><span style=\"margin: 0px; color: black; line-height: 115%; font-family: '&amp;quot','serif'; font-size: 8pt;\"><br style=\"border-image-outset: 0; border-image-repeat: stretch; border-image-slice: 100%; border-image-source: none; border-image-width: 1; font-stretch: normal; orphans: 2; -webkit-text-stroke-width: 0px; word-spacing: 0px;\" \/><br style=\"border-image-outset: 0; border-image-repeat: stretch; border-image-slice: 100%; border-image-source: none; border-image-width: 1; font-stretch: normal; orphans: 2; -webkit-text-stroke-width: 0px; word-spacing: 0px;\" \/><\/span><span style=\"margin: 0px; color: black; line-height: 115%; font-family: 'Open Sans','serif'; font-size: 8pt;\">Originaire de Sainte-Emm\u00e9lie-de-Lotbini\u00e8re, le p\u00e8re Auger fait sa formation \u00e0 l\u2019Externat St-Jean Eudes et obtient un baccalaur\u00e9at et lettres, une licence en droit canonique \u00e0 Rome et une licence en th\u00e9ologie dogmatique de l\u2019Universit\u00e9 d\u2019Ottawa. Il fut incorpor\u00e9 \u00e0 la Congr\u00e9gation le 8 septembre 1950 et ordonn\u00e9 pr\u00eatre le 7 juin 1952.<\/span><span style=\"margin: 0px; color: black; line-height: 115%; font-family: '&amp;quot','serif'; font-size: 8pt;\"><br style=\"border-image-outset: 0; border-image-repeat: stretch; border-image-slice: 100%; border-image-source: none; border-image-width: 1; font-stretch: normal; orphans: 2; -webkit-text-stroke-width: 0px; word-spacing: 0px;\" \/><br style=\"border-image-outset: 0; border-image-repeat: stretch; border-image-slice: 100%; border-image-source: none; border-image-width: 1; font-stretch: normal; orphans: 2; -webkit-text-stroke-width: 0px; word-spacing: 0px;\" \/><\/span><span style=\"margin: 0px; color: black; line-height: 115%; font-family: 'Open Sans','serif'; font-size: 8pt;\">Le P\u00e8re Auger exerce son minist\u00e8re en plusieurs endroits et dans diverses t\u00e2ches. Il est d\u2019abord professeur \u00e0 l\u2019Externat St-Jean Eudes de Qu\u00e9bec (1955-60). En 1958, il devient directeur du Juv\u00e9nat de Saint C\u0153ur de Marie jusqu\u2019en 1960. En 1960, il est nomm\u00e9 professeur au S\u00e9minaire de Charlesbourg puis d\u00e9m\u00e9nage \u00e0 Limbour (Outaouais) o\u00f9 il enseigne comme professeur de th\u00e9ologie jusqu\u2019en 1968. De 1968 \u00e0 1973, il travaille en pastorale dioc\u00e9saine au dioc\u00e8se de Hull tout en exer\u00e7ant son minist\u00e8re \u00e0 la paroisse Ste-Rose comme animateur \u00e0 la pastorale \u00e0 l\u2019\u00e9l\u00e9mentaire. En 1973, il est nomm\u00e9 cur\u00e9 \u00e0 la paroisse de Saint-C\u0153ur de Marie de Qu\u00e9bec jusqu\u2019en 1975. Apr\u00e8s quoi, il accepte d\u2019\u00eatre au service du Cursillo et Marriage Encounter des dioc\u00e8ses de Saint-J\u00e9r\u00f4me, Hull, Mont-Laurier et Joliette. En 1976, il donne naissance \u00e0 de multiples groupes dont Porte Ouverte, Joie de vivre et Reflets et lumi\u00e8re. En 1984, il est nomm\u00e9 responsable des paroisses de Ste-Rose de Gatineau et Saint-Antoine de Val des Monts (Perkins) tout en demeurant responsable du Cursillo de l\u2019Outaouais dont il demeure l\u2019animateur spirituel durant 37 ans. En 1994, il devient cur\u00e9 des paroisses de Saint-Sixte, Montpellier et Ripon dans le dioc\u00e8se de Gatineau-Hull jusqu\u2019\u00e0 son d\u00e9part en 2013 pour la Maison des Eudistes de Charlesbourg.<\/span><span style=\"margin: 0px; color: black; line-height: 115%; font-family: '&amp;quot','serif'; font-size: 8pt;\"><br style=\"border-image-outset: 0; border-image-repeat: stretch; border-image-slice: 100%; border-image-source: none; border-image-width: 1; font-stretch: normal; orphans: 2; -webkit-text-stroke-width: 0px; word-spacing: 0px;\" \/><br style=\"border-image-outset: 0; border-image-repeat: stretch; border-image-slice: 100%; border-image-source: none; border-image-width: 1; font-stretch: normal; orphans: 2; -webkit-text-stroke-width: 0px; word-spacing: 0px;\" \/><\/span><span style=\"margin: 0px; color: black; line-height: 115%; font-family: 'Open Sans','serif'; font-size: 8pt;\">On a reconnu en lui, un pasteur tr\u00e8s proche de ses paroissiens, un homme de c\u0153ur, un bon serviteur de l\u2019\u00e9vangile. Son engagement dans le mouvement Cursillo l\u2019a fait grandir dans sa foi selon ses propres paroles. L\u2019attachement des Cursillistes \u00e0 son \u00e9gard est un t\u00e9moignage \u00e9vident de la qualit\u00e9 de son implication. <\/span><span style=\"margin: 0px; color: black; line-height: 115%; font-family: '&amp;quot','serif'; font-size: 8pt;\"><br style=\"border-image-outset: 0; border-image-repeat: stretch; border-image-slice: 100%; border-image-source: none; border-image-width: 1; font-stretch: normal; orphans: 2; -webkit-text-stroke-width: 0px; word-spacing: 0px;\" \/><br style=\"border-image-outset: 0; border-image-repeat: stretch; border-image-slice: 100%; border-image-source: none; border-image-width: 1; font-stretch: normal; orphans: 2; -webkit-text-stroke-width: 0px; word-spacing: 0px;\" \/><\/span><span style=\"margin: 0px; color: black; line-height: 115%; font-family: 'Open Sans','serif'; font-size: 8pt;\">Le P\u00e8re Auger laisse dans le deuil, outre les membres de sa communaut\u00e9, son fr\u00e8re Jean-Paul, son fr\u00e8re feu Ren\u00e9 (pr\u00eatre), beau-fr\u00e8re Maurice Mailly (feu Monique), une belle-s\u0153ur Rose-Ange H\u00e9bert (feu Justin) et de nombreux neveux et ni\u00e8ces.<\/span><\/p>\n<p>&#8212;&#8212;&#8212;&#8212;&#8212;&#8212;&#8212;&#8212;&#8212;&#8212;&#8212;&#8212;&#8212;&#8212;&#8212;&#8212;&#8212;-<\/p>\n","protected":false},"excerpt":{"rendered":"<p>Cette page est d\u00e9di\u00e9e au p\u00e8re Nazaire Auger cjm, le premier animateur spirituel des cursillos en Outaouais. Vous y trouverez des photos et des textes qui t\u00e9moigneront de sa grande [&hellip;]<\/p>\n","protected":false},"author":2,"featured_media":0,"parent":0,"menu_order":0,"comment_status":"closed","ping_status":"closed","template":"","meta":{"_price":"","_stock":"","_tribe_ticket_header":"","_tribe_default_ticket_provider":"","_tribe_ticket_capacity":"0","_ticket_start_date":"","_ticket_end_date":"","_tribe_ticket_show_description":"","_tribe_ticket_show_not_going":false,"_tribe_ticket_use_global_stock":"","_tribe_ticket_global_stock_level":"","_global_stock_mode":"","_global_stock_cap":"","_tribe_rsvp_for_event":"","_tribe_ticket_going_count":"","_tribe_ticket_not_going_count":"","_tribe_tickets_list":"[]","_tribe_ticket_has_attendee_info_fields":false,"footnotes":"","_tec_slr_enabled":"","_tec_slr_layout":""},"class_list":["post-538","page","type-page","status-publish","hentry"],"ticketed":false,"_links":{"self":[{"href":"https:\/\/www.cursillos.ca\/outaouais\/index.php?rest_route=\/wp\/v2\/pages\/538","targetHints":{"allow":["GET"]}}],"collection":[{"href":"https:\/\/www.cursillos.ca\/outaouais\/index.php?rest_route=\/wp\/v2\/pages"}],"about":[{"href":"https:\/\/www.cursillos.ca\/outaouais\/index.php?rest_route=\/wp\/v2\/types\/page"}],"author":[{"embeddable":true,"href":"https:\/\/www.cursillos.ca\/outaouais\/index.php?rest_route=\/wp\/v2\/users\/2"}],"replies":[{"embeddable":true,"href":"https:\/\/www.cursillos.ca\/outaouais\/index.php?rest_route=%2Fwp%2Fv2%2Fcomments&post=538"}],"version-history":[{"count":7,"href":"https:\/\/www.cursillos.ca\/outaouais\/index.php?rest_route=\/wp\/v2\/pages\/538\/revisions"}],"predecessor-version":[{"id":1086,"href":"https:\/\/www.cursillos.ca\/outaouais\/index.php?rest_route=\/wp\/v2\/pages\/538\/revisions\/1086"}],"wp:attachment":[{"href":"https:\/\/www.cursillos.ca\/outaouais\/index.php?rest_route=%2Fwp%2Fv2%2Fmedia&parent=538"}],"curies":[{"name":"wp","href":"https:\/\/api.w.org\/{rel}","templated":true}]}}